{"id":1718,"date":"2024-06-19T17:02:54","date_gmt":"2024-06-19T15:02:54","guid":{"rendered":"https:\/\/memscap.com\/?page_id=1718"},"modified":"2025-02-17T14:50:38","modified_gmt":"2025-02-17T13:50:38","slug":"visio","status":"publish","type":"page","link":"https:\/\/memscap.com\/fr\/visio\/","title":{"rendered":"Visioconf\u00e9rence"},"content":{"rendered":"\n<div class=\"wp-block-columns is-layout-flex wp-container-core-columns-is-layout-8f761849 wp-block-columns-is-layout-flex\">\n<div class=\"wp-block-column is-layout-flow wp-block-column-is-layout-flow\">\n<figure class=\"wp-block-image size-full\"><img data-recalc-dims=\"1\" loading=\"lazy\" decoding=\"async\" width=\"640\" height=\"360\" data-attachment-id=\"1584\" data-permalink=\"https:\/\/memscap.com\/fr\/home\/banner-homepage-1920x1080\/\" data-orig-file=\"https:\/\/i0.wp.com\/memscap.com\/wp-content\/uploads\/2023\/04\/banner-homepage-1920x1080-1.jpg?fit=1920%2C1080&amp;ssl=1\" data-orig-size=\"1920,1080\" data-comments-opened=\"0\" data-image-meta=\"{&quot;aperture&quot;:&quot;0&quot;,&quot;credit&quot;:&quot;&quot;,&quot;camera&quot;:&quot;&quot;,&quot;caption&quot;:&quot;&quot;,&quot;created_timestamp&quot;:&quot;0&quot;,&quot;copyright&quot;:&quot;&quot;,&quot;focal_length&quot;:&quot;0&quot;,&quot;iso&quot;:&quot;0&quot;,&quot;shutter_speed&quot;:&quot;0&quot;,&quot;title&quot;:&quot;&quot;,&quot;orientation&quot;:&quot;0&quot;}\" data-image-title=\"banner-homepage-1920&amp;#215;1080\" data-image-description=\"\" data-image-caption=\"\" data-large-file=\"https:\/\/i0.wp.com\/memscap.com\/wp-content\/uploads\/2023\/04\/banner-homepage-1920x1080-1.jpg?fit=640%2C360&amp;ssl=1\" src=\"https:\/\/i0.wp.com\/memscap.com\/wp-content\/uploads\/2023\/04\/banner-homepage-1920x1080-1.jpg?resize=640%2C360&#038;ssl=1\" alt=\"\" class=\"wp-image-1584\" srcset=\"https:\/\/i0.wp.com\/memscap.com\/wp-content\/uploads\/2023\/04\/banner-homepage-1920x1080-1.jpg?w=1920&amp;ssl=1 1920w, https:\/\/i0.wp.com\/memscap.com\/wp-content\/uploads\/2023\/04\/banner-homepage-1920x1080-1.jpg?resize=300%2C169&amp;ssl=1 300w, https:\/\/i0.wp.com\/memscap.com\/wp-content\/uploads\/2023\/04\/banner-homepage-1920x1080-1.jpg?resize=768%2C432&amp;ssl=1 768w, https:\/\/i0.wp.com\/memscap.com\/wp-content\/uploads\/2023\/04\/banner-homepage-1920x1080-1.jpg?resize=1536%2C864&amp;ssl=1 1536w, https:\/\/i0.wp.com\/memscap.com\/wp-content\/uploads\/2023\/04\/banner-homepage-1920x1080-1.jpg?resize=1200%2C675&amp;ssl=1 1200w, https:\/\/i0.wp.com\/memscap.com\/wp-content\/uploads\/2023\/04\/banner-homepage-1920x1080-1.jpg?w=1280&amp;ssl=1 1280w\" sizes=\"auto, (max-width: 640px) 100vw, 640px\" \/><\/figure>\n<\/div>\n\n\n\n<div class=\"wp-block-column is-layout-flow wp-block-column-is-layout-flow\">\n<p class=\"wp-block-paragraph\"><strong>VISIOCONFERENCE ACTIONNAIRES ET INVESTISSEURS<br>LUNDI 28 OCTOBRE 2024 &#8211; 18H00<\/strong><\/p>\n\n\n\n<p class=\"wp-block-paragraph\">Jean Michel Karam, Pr\u00e9sident Directeur G\u00e9n\u00e9ral de MEMSCAP tiendra une visioconf\u00e9rence le 28 octobre 2024 \u00e0 18h00 afin de commenter les r\u00e9sultats du 3\u00e8me trimestre 2024.<\/p>\n\n\n\n<p class=\"wp-block-paragraph\">Vous pouvez vous inscrire sur ce<a href=\"https:\/\/app.livestorm.co\/euroland-corporate\/memscap-webinaire-actionnaires?s=774c823d-9550-4f07-9706-c6ca1c838ef3\"> lien.<\/a><\/p>\n\n\n\n<p class=\"wp-block-paragraph\">N&rsquo;h\u00e9sitez pas \u00e0 poser vos questions en remplissant le formulaire ci-dessous.<\/p>\n<\/div>\n<\/div>\n\n\n\n<div class=\"wp-block-contact-form-7-contact-form-selector\">\n<div class=\"wpcf7 no-js\" id=\"wpcf7-f1725-o1\" lang=\"en-US\" dir=\"ltr\" data-wpcf7-id=\"1725\">\n<div class=\"screen-reader-response\"><p role=\"status\" aria-live=\"polite\" aria-atomic=\"true\"><\/p> <ul><\/ul><\/div>\n<form action=\"\/fr\/wp-json\/wp\/v2\/pages\/1718#wpcf7-f1725-o1\" method=\"post\" class=\"wpcf7-form init\" aria-label=\"Contact form\" novalidate=\"novalidate\" data-status=\"init\">\n<fieldset class=\"hidden-fields-container\"><input type=\"hidden\" name=\"_wpcf7\" value=\"1725\" \/><input type=\"hidden\" name=\"_wpcf7_version\" value=\"6.1.5\" \/><input type=\"hidden\" name=\"_wpcf7_locale\" value=\"en_US\" \/><input type=\"hidden\" name=\"_wpcf7_unit_tag\" value=\"wpcf7-f1725-o1\" \/><input type=\"hidden\" name=\"_wpcf7_container_post\" value=\"0\" \/><input type=\"hidden\" name=\"_wpcf7_posted_data_hash\" value=\"\" \/><input type=\"hidden\" name=\"_wpcf7_recaptcha_response\" value=\"\" \/>\n<\/fieldset>\n<p><label> Votre nom<br \/>\n<span class=\"wpcf7-form-control-wrap\" data-name=\"your-name\"><input size=\"40\" maxlength=\"400\" class=\"wpcf7-form-control wpcf7-text wpcf7-validates-as-required\" autocomplete=\"name\" aria-required=\"true\" aria-invalid=\"false\" value=\"\" type=\"text\" name=\"your-name\" \/><\/span> <\/label>\n<\/p>\n<p><label> Votre pr\u00e9nom<br \/>\n<span class=\"wpcf7-form-control-wrap\" data-name=\"your-first-name\"><input size=\"40\" maxlength=\"400\" class=\"wpcf7-form-control wpcf7-text wpcf7-validates-as-required\" autocomplete=\"firstname\" aria-required=\"true\" aria-invalid=\"false\" value=\"\" type=\"text\" name=\"your-first-name\" \/><\/span> <\/label>\n<\/p>\n<p><label> Votre e-mail<br \/>\n<span class=\"wpcf7-form-control-wrap\" data-name=\"your-email\"><input size=\"40\" maxlength=\"400\" class=\"wpcf7-form-control wpcf7-email wpcf7-validates-as-required wpcf7-text wpcf7-validates-as-email\" autocomplete=\"email\" aria-required=\"true\" aria-invalid=\"false\" value=\"\" type=\"email\" name=\"your-email\" \/><\/span> <\/label>\n<\/p>\n<p><label for=\"your-questions\" class=\"col-4 text-primary\">Question et commentaires :<\/label><br \/>\n<span class=\"wpcf7-form-control-wrap\" data-name=\"your-questions\"><textarea cols=\"40\" rows=\"10\" maxlength=\"2000\" class=\"wpcf7-form-control wpcf7-textarea col-8\" id=\"your-questions\" aria-invalid=\"false\" name=\"your-questions\"><\/textarea><\/span>\n<\/p>\n<p><input class=\"wpcf7-form-control wpcf7-submit has-spinner\" type=\"submit\" value=\"Envoyer\" \/>\n<\/p>\n<span class=\"wpcf7-form-control-wrap recaptcha\" data-name=\"recaptcha\"><span data-sitekey=\"6LcsE9YlAAAAAApBD5HzkThM4nWZ6QZ59sA-Nq_r\" class=\"wpcf7-form-control wpcf7-recaptcha g-recaptcha\"><\/span>\r\n<noscript>\r\n\t<div class=\"grecaptcha-noscript\">\r\n\t\t<iframe loading=\"lazy\" src=\"https:\/\/www.google.com\/recaptcha\/api\/fallback?k=6LcsE9YlAAAAAApBD5HzkThM4nWZ6QZ59sA-Nq_r\" frameborder=\"0\" scrolling=\"no\" width=\"310\" height=\"430\">\r\n\t\t<\/iframe>\r\n\t\t<textarea name=\"g-recaptcha-response\" rows=\"3\" cols=\"40\" placeholder=\"reCaptcha Response Here\">\r\n\t\t<\/textarea>\r\n\t<\/div>\r\n<\/noscript>\r\n<\/span><p style=\"display: none !important;\" class=\"akismet-fields-container\" data-prefix=\"_wpcf7_ak_\"><label>&#916;<textarea name=\"_wpcf7_ak_hp_textarea\" cols=\"45\" rows=\"8\" maxlength=\"100\"><\/textarea><\/label><input type=\"hidden\" id=\"ak_js_1\" name=\"_wpcf7_ak_js\" value=\"232\"\/><script type=\"text\/javascript\">\n\/* <![CDATA[ *\/\ndocument.getElementById( \"ak_js_1\" ).setAttribute( \"value\", ( new Date() ).getTime() );\n\/* ]]> *\/\n<\/script>\n<\/p><div class=\"wpcf7-response-output\" aria-hidden=\"true\"><\/div>\n<\/form>\n<\/div>\n<\/div>\n","protected":false},"excerpt":{"rendered":"<p>VISIOCONFERENCE ACTIONNAIRES ET INVESTISSEURSLUNDI 28 OCTOBRE 2024 &#8211; 18H00 Jean Michel Karam, Pr\u00e9sident Directeur G\u00e9n\u00e9ral de MEMSCAP tiendra une visioconf\u00e9rence [&hellip;]<\/p>\n","protected":false},"author":216130754,"featured_media":0,"parent":0,"menu_order":0,"comment_status":"closed","ping_status":"closed","template":"","meta":{"_crdt_document":"","footnotes":""},"class_list":["post-1718","page","type-page","status-publish","hentry"],"yoast_head":"<!-- This site is optimized with the Yoast SEO plugin v27.5 - https:\/\/yoast.com\/product\/yoast-seo-wordpress\/ -->\n<title>MEMSCAP | Visioconference | Actionnaires et investisseurs<\/title>\n<meta name=\"description\" content=\"Inscrivez-vous aux visioconf\u00e9rences\" \/>\n<meta name=\"robots\" content=\"index, follow, max-snippet:-1, max-image-preview:large, max-video-preview:-1\" \/>\n<link rel=\"canonical\" href=\"https:\/\/memscap.com\/fr\/visio\/\" \/>\n<meta property=\"og:locale\" content=\"fr_FR\" \/>\n<meta property=\"og:type\" content=\"article\" \/>\n<meta property=\"og:title\" content=\"MEMSCAP | Visioconference | Actionnaires et investisseurs\" \/>\n<meta property=\"og:description\" content=\"Inscrivez-vous aux visioconf\u00e9rences\" \/>\n<meta property=\"og:url\" content=\"https:\/\/memscap.com\/fr\/visio\/\" \/>\n<meta property=\"og:site_name\" content=\"MEMSCAP\" \/>\n<meta property=\"article:modified_time\" content=\"2025-02-17T13:50:38+00:00\" \/>\n<meta property=\"og:image\" content=\"https:\/\/memscap.com\/wp-content\/uploads\/2023\/04\/banner-homepage-1920x1080-1.jpg\" \/>\n<meta name=\"twitter:card\" content=\"summary_large_image\" \/>\n<meta name=\"twitter:label1\" content=\"Dur\u00e9e de lecture estim\u00e9e\" \/>\n\t<meta name=\"twitter:data1\" content=\"1 minute\" \/>\n<script type=\"application\/ld+json\" class=\"yoast-schema-graph\">{\"@context\":\"https:\\\/\\\/schema.org\",\"@graph\":[{\"@type\":\"WebPage\",\"@id\":\"https:\\\/\\\/memscap.com\\\/fr\\\/visio\\\/\",\"url\":\"https:\\\/\\\/memscap.com\\\/fr\\\/visio\\\/\",\"name\":\"MEMSCAP | Visioconference | Actionnaires et investisseurs\",\"isPartOf\":{\"@id\":\"https:\\\/\\\/memscap.com\\\/en\\\/#website\"},\"primaryImageOfPage\":{\"@id\":\"https:\\\/\\\/memscap.com\\\/fr\\\/visio\\\/#primaryimage\"},\"image\":{\"@id\":\"https:\\\/\\\/memscap.com\\\/fr\\\/visio\\\/#primaryimage\"},\"thumbnailUrl\":\"https:\\\/\\\/memscap.com\\\/wp-content\\\/uploads\\\/2023\\\/04\\\/banner-homepage-1920x1080-1.jpg\",\"datePublished\":\"2024-06-19T15:02:54+00:00\",\"dateModified\":\"2025-02-17T13:50:38+00:00\",\"description\":\"Inscrivez-vous aux visioconf\u00e9rences\",\"breadcrumb\":{\"@id\":\"https:\\\/\\\/memscap.com\\\/fr\\\/visio\\\/#breadcrumb\"},\"inLanguage\":\"fr-FR\",\"potentialAction\":[{\"@type\":\"ReadAction\",\"target\":[\"https:\\\/\\\/memscap.com\\\/fr\\\/visio\\\/\"]}]},{\"@type\":\"ImageObject\",\"inLanguage\":\"fr-FR\",\"@id\":\"https:\\\/\\\/memscap.com\\\/fr\\\/visio\\\/#primaryimage\",\"url\":\"https:\\\/\\\/memscap.com\\\/wp-content\\\/uploads\\\/2023\\\/04\\\/banner-homepage-1920x1080-1.jpg\",\"contentUrl\":\"https:\\\/\\\/memscap.com\\\/wp-content\\\/uploads\\\/2023\\\/04\\\/banner-homepage-1920x1080-1.jpg\"},{\"@type\":\"BreadcrumbList\",\"@id\":\"https:\\\/\\\/memscap.com\\\/fr\\\/visio\\\/#breadcrumb\",\"itemListElement\":[{\"@type\":\"ListItem\",\"position\":1,\"name\":\"Accueil\",\"item\":\"https:\\\/\\\/memscap.com\\\/fr\\\/\"},{\"@type\":\"ListItem\",\"position\":2,\"name\":\"Visioconf\u00e9rence\"}]},{\"@type\":\"WebSite\",\"@id\":\"https:\\\/\\\/memscap.com\\\/en\\\/#website\",\"url\":\"https:\\\/\\\/memscap.com\\\/en\\\/\",\"name\":\"MEMSCAP\",\"description\":\"The Leader of High Added Value MEMS\",\"potentialAction\":[{\"@type\":\"SearchAction\",\"target\":{\"@type\":\"EntryPoint\",\"urlTemplate\":\"https:\\\/\\\/memscap.com\\\/en\\\/?s={search_term_string}\"},\"query-input\":{\"@type\":\"PropertyValueSpecification\",\"valueRequired\":true,\"valueName\":\"search_term_string\"}}],\"inLanguage\":\"fr-FR\"}]}<\/script>\n<!-- \/ Yoast SEO plugin. -->","yoast_head_json":{"title":"MEMSCAP | Visioconference | Actionnaires et investisseurs","description":"Inscrivez-vous aux visioconf\u00e9rences","robots":{"index":"index","follow":"follow","max-snippet":"max-snippet:-1","max-image-preview":"max-image-preview:large","max-video-preview":"max-video-preview:-1"},"canonical":"https:\/\/memscap.com\/fr\/visio\/","og_locale":"fr_FR","og_type":"article","og_title":"MEMSCAP | Visioconference | Actionnaires et investisseurs","og_description":"Inscrivez-vous aux visioconf\u00e9rences","og_url":"https:\/\/memscap.com\/fr\/visio\/","og_site_name":"MEMSCAP","article_modified_time":"2025-02-17T13:50:38+00:00","og_image":[{"url":"https:\/\/memscap.com\/wp-content\/uploads\/2023\/04\/banner-homepage-1920x1080-1.jpg","type":"","width":"","height":""}],"twitter_card":"summary_large_image","twitter_misc":{"Dur\u00e9e de lecture estim\u00e9e":"1 minute"},"schema":{"@context":"https:\/\/schema.org","@graph":[{"@type":"WebPage","@id":"https:\/\/memscap.com\/fr\/visio\/","url":"https:\/\/memscap.com\/fr\/visio\/","name":"MEMSCAP | Visioconference | Actionnaires et investisseurs","isPartOf":{"@id":"https:\/\/memscap.com\/en\/#website"},"primaryImageOfPage":{"@id":"https:\/\/memscap.com\/fr\/visio\/#primaryimage"},"image":{"@id":"https:\/\/memscap.com\/fr\/visio\/#primaryimage"},"thumbnailUrl":"https:\/\/memscap.com\/wp-content\/uploads\/2023\/04\/banner-homepage-1920x1080-1.jpg","datePublished":"2024-06-19T15:02:54+00:00","dateModified":"2025-02-17T13:50:38+00:00","description":"Inscrivez-vous aux visioconf\u00e9rences","breadcrumb":{"@id":"https:\/\/memscap.com\/fr\/visio\/#breadcrumb"},"inLanguage":"fr-FR","potentialAction":[{"@type":"ReadAction","target":["https:\/\/memscap.com\/fr\/visio\/"]}]},{"@type":"ImageObject","inLanguage":"fr-FR","@id":"https:\/\/memscap.com\/fr\/visio\/#primaryimage","url":"https:\/\/memscap.com\/wp-content\/uploads\/2023\/04\/banner-homepage-1920x1080-1.jpg","contentUrl":"https:\/\/memscap.com\/wp-content\/uploads\/2023\/04\/banner-homepage-1920x1080-1.jpg"},{"@type":"BreadcrumbList","@id":"https:\/\/memscap.com\/fr\/visio\/#breadcrumb","itemListElement":[{"@type":"ListItem","position":1,"name":"Accueil","item":"https:\/\/memscap.com\/fr\/"},{"@type":"ListItem","position":2,"name":"Visioconf\u00e9rence"}]},{"@type":"WebSite","@id":"https:\/\/memscap.com\/en\/#website","url":"https:\/\/memscap.com\/en\/","name":"MEMSCAP","description":"The Leader of High Added Value MEMS","potentialAction":[{"@type":"SearchAction","target":{"@type":"EntryPoint","urlTemplate":"https:\/\/memscap.com\/en\/?s={search_term_string}"},"query-input":{"@type":"PropertyValueSpecification","valueRequired":true,"valueName":"search_term_string"}}],"inLanguage":"fr-FR"}]}},"jetpack_shortlink":"https:\/\/wp.me\/PeAHdX-rI","jetpack_sharing_enabled":true,"meta_box":{"memscap_metabox_home_page_slider":[],"memscap_metabox_home_page_timer":"","memscap_metabox_home_page_img_comp":[],"memscap_metabox_share_older_file_tab":[],"memscap_metabox_trophy_page_img_back_trophy":[],"memscap_metabox_trophy_page_color_channel_trophy":"","memscap_metabox_trophy_page_trophy_subtitle":"","memscap_metabox_trophy_page_trophy_text":"","memscap_metabox_trophy_page_trophy_tab":[],"memscap_metabox_trophy_page_trophy_subtitle_2":"","memscap_metabox_trophy_page_trophy_text_2":"","memscap_metabox_trophy_page_trophy_tab_2":[],"memscap_metabox_terms_img_back":[],"memscap_metabox_terms_color_channel":"","memscap_metabox_terms_text":"","memscap_metabox_terms_quality_tab":[]},"_links":{"self":[{"href":"https:\/\/memscap.com\/fr\/wp-json\/wp\/v2\/pages\/1718","targetHints":{"allow":["GET"]}}],"collection":[{"href":"https:\/\/memscap.com\/fr\/wp-json\/wp\/v2\/pages"}],"about":[{"href":"https:\/\/memscap.com\/fr\/wp-json\/wp\/v2\/types\/page"}],"author":[{"embeddable":true,"href":"https:\/\/memscap.com\/fr\/wp-json\/wp\/v2\/users\/216130754"}],"replies":[{"embeddable":true,"href":"https:\/\/memscap.com\/fr\/wp-json\/wp\/v2\/comments?post=1718"}],"version-history":[{"count":27,"href":"https:\/\/memscap.com\/fr\/wp-json\/wp\/v2\/pages\/1718\/revisions"}],"predecessor-version":[{"id":2385,"href":"https:\/\/memscap.com\/fr\/wp-json\/wp\/v2\/pages\/1718\/revisions\/2385"}],"wp:attachment":[{"href":"https:\/\/memscap.com\/fr\/wp-json\/wp\/v2\/media?parent=1718"}],"curies":[{"name":"wp","href":"https:\/\/api.w.org\/{rel}","templated":true}]}}